{"id":1497,"date":"2024-02-19T18:06:05","date_gmt":"2024-02-19T17:06:05","guid":{"rendered":"https:\/\/www.kunststofftechnikum.de\/lentreprise\/"},"modified":"2025-02-11T11:56:57","modified_gmt":"2025-02-11T10:56:57","slug":"lentreprise","status":"publish","type":"page","link":"https:\/\/www.kunststofftechnikum.de\/fr\/lentreprise\/","title":{"rendered":"L&rsquo;entreprise"},"content":{"rendered":"\t\t<div data-elementor-type=\"wp-page\" data-elementor-id=\"1497\" class=\"elementor elementor-1497 elementor-378\" data-elementor-post-type=\"page\">\n\t\t\t\t<div class=\"elementor-element elementor-element-212f6f9 e-flex e-con-boxed e-con e-parent\" data-id=\"212f6f9\" data-element_type=\"container\" data-settings=\"{&quot;background_background&quot;:&quot;video&quot;,&quot;background_video_link&quot;:&quot;https:\\\/\\\/www.kunststofftechnikum.de\\\/wp-content\\\/uploads\\\/2024\\\/08\\\/plastec_Drohne-HD.mp4&quot;,&quot;background_play_on_mobile&quot;:&quot;yes&quot;}\">\n\t\t\t\t\t<div class=\"e-con-inner\">\n\t\t<div class=\"elementor-background-video-container\">\n\t\t\t\t\t\t\t<video class=\"elementor-background-video-hosted\" autoplay muted playsinline loop><\/video>\n\t\t\t\t\t<\/div><div class=\"elementor-element elementor-element-dd8fb4c e-flex e-con-boxed elementor-invisible e-con e-child\" data-id=\"dd8fb4c\" data-element_type=\"container\" data-settings=\"{&quot;animation&quot;:&quot;fadeInUp&quot;}\">\n\t\t\t\t\t<div class=\"e-con-inner\">\n\t\t\t\t<div class=\"elementor-element elementor-element-ea654a2 elementor-widget elementor-widget-heading\" data-id=\"ea654a2\" data-element_type=\"widget\" data-widget_type=\"heading.default\">\n\t\t\t\t<div class=\"elementor-widget-container\">\n\t\t\t\t\t<h1 class=\"elementor-heading-title elementor-size-default\">\u00c0 propos de nous<\/h1>\t\t\t\t<\/div>\n\t\t\t\t<\/div>\n\t\t\t\t<div class=\"elementor-element elementor-element-79c0809 elementor-widget elementor-widget-text-editor\" data-id=\"79c0809\" data-element_type=\"widget\" data-widget_type=\"text-editor.default\">\n\t\t\t\t<div class=\"elementor-widget-container\">\n\t\t\t\t\t\t\t\t\t<p>L&rsquo;extension de votre atelier \u2013 depuis 25&nbsp;ans d\u00e9j\u00e0.<\/p>\n\t\t\t\t\t\t\t\t<\/div>\n\t\t\t\t<\/div>\n\t\t\t\t\t<\/div>\n\t\t\t\t<\/div>\n\t\t\t\t\t<\/div>\n\t\t\t\t<\/div>\n\t\t<div class=\"elementor-element elementor-element-0a8eb55 e-flex e-con-boxed e-con e-parent\" data-id=\"0a8eb55\" data-element_type=\"container\" data-settings=\"{&quot;background_background&quot;:&quot;classic&quot;}\">\n\t\t\t\t\t<div class=\"e-con-inner\">\n\t\t<div class=\"elementor-element elementor-element-5226370 e-con-full e-flex elementor-invisible e-con e-child\" data-id=\"5226370\" data-element_type=\"container\" data-settings=\"{&quot;animation&quot;:&quot;fadeInUp&quot;,&quot;animation_delay&quot;:300}\">\n\t\t\t\t<div class=\"elementor-element elementor-element-c7f5233 elementor-widget elementor-widget-text-editor\" data-id=\"c7f5233\" data-element_type=\"widget\" data-widget_type=\"text-editor.default\">\n\t\t\t\t<div class=\"elementor-widget-container\">\n\t\t\t\t\t\t\t\t\t<p>Notre entreprise<\/p>\n\t\t\t\t\t\t\t\t<\/div>\n\t\t\t\t<\/div>\n\t\t\t\t<div class=\"elementor-element elementor-element-748be3c elementor-widget elementor-widget-heading\" data-id=\"748be3c\" data-element_type=\"widget\" data-widget_type=\"heading.default\">\n\t\t\t\t<div class=\"elementor-widget-container\">\n\t\t\t\t\t<h2 class=\"elementor-heading-title elementor-size-default\">R\u00e9ussir ensemble<\/h2>\t\t\t\t<\/div>\n\t\t\t\t<\/div>\n\t\t<div class=\"elementor-element elementor-element-eb5382b e-con-full e-flex e-con e-child\" data-id=\"eb5382b\" data-element_type=\"container\">\n\t\t\t\t<div class=\"elementor-element elementor-element-07af913 elementor-widget elementor-widget-text-editor\" data-id=\"07af913\" data-element_type=\"widget\" data-widget_type=\"text-editor.default\">\n\t\t\t\t<div class=\"elementor-widget-container\">\n\t\t\t\t\t\t\t\t\t<p>Cela fait d\u00e9j\u00e0 25&nbsp;ans que nous sommes une extension de votre atelier pour tout ce qui concerne la construction et la fabrication de moules. <\/p>\n<p>Tout a commenc\u00e9 en&nbsp;1998 avec notre activit\u00e9 d&rsquo;\u00e9chantillonnage des moules. Petit \u00e0 petit est venu s&rsquo;y ajouter notre service d&rsquo;optimisation, notre propre bureau d&rsquo;\u00e9tudes et la fabrication de moules. Peu de temps apr\u00e8s, en&nbsp;2002, notre collaboration avec l&rsquo;entreprise am\u00e9ricaine Trexel Inc. nous a permis de devenir le centre technique et de service europ\u00e9en pour le proc\u00e9d\u00e9 MuCell\u00ae. <\/p>\n<p>Nos coop\u00e9rations sur les march\u00e9s ext\u00e9rieurs, lanc\u00e9es en&nbsp;2009, nous ont permis d&rsquo;atteindre un niveau de flexibilit\u00e9 et de r\u00e9activit\u00e9 nouveau, et elles sont devenues nos principaux partenaires \u00e0 ce jour. <\/p>\n<p>Pendant tout ce temps, nous avons fait honneur \u00e0 notre devise, <strong>\u00ab&nbsp;La qualit\u00e9 par principe&nbsp;\u00bb<\/strong>.<\/p>\n\t\t\t\t\t\t\t\t<\/div>\n\t\t\t\t<\/div>\n\t\t\t\t<\/div>\n\t\t\t\t<\/div>\n\t\t<div class=\"elementor-element elementor-element-d0b20c7 e-con-full e-flex elementor-invisible e-con e-child\" data-id=\"d0b20c7\" data-element_type=\"container\" data-settings=\"{&quot;animation&quot;:&quot;fadeInUp&quot;}\">\n\t\t\t\t<div class=\"elementor-element elementor-element-34d75dc elementor-widget elementor-widget-image\" data-id=\"34d75dc\" data-element_type=\"widget\" data-widget_type=\"image.default\">\n\t\t\t\t<div class=\"elementor-widget-container\">\n\t\t\t\t\t\t\t\t\t\t\t\t\t\t\t<img fetchpriority=\"high\" decoding=\"async\" width=\"789\" height=\"872\" src=\"https:\/\/www.kunststofftechnikum.de\/wp-content\/uploads\/2024\/06\/Gebaeude_about.webp\" class=\"attachment-large size-large wp-image-1506\" alt=\"\" srcset=\"https:\/\/www.kunststofftechnikum.de\/wp-content\/uploads\/2024\/06\/Gebaeude_about.webp 789w, https:\/\/www.kunststofftechnikum.de\/wp-content\/uploads\/2024\/06\/Gebaeude_about-271x300.webp 271w, https:\/\/www.kunststofftechnikum.de\/wp-content\/uploads\/2024\/06\/Gebaeude_about-768x849.webp 768w\" sizes=\"(max-width: 789px) 100vw, 789px\" \/>\t\t\t\t\t\t\t\t\t\t\t\t\t\t\t<\/div>\n\t\t\t\t<\/div>\n\t\t\t\t<\/div>\n\t\t\t\t\t<\/div>\n\t\t\t\t<\/div>\n\t\t<div class=\"elementor-element elementor-element-94630c0 e-flex e-con-boxed e-con e-parent\" data-id=\"94630c0\" data-element_type=\"container\" data-settings=\"{&quot;background_background&quot;:&quot;classic&quot;}\">\n\t\t\t\t\t<div class=\"e-con-inner\">\n\t\t<div class=\"elementor-element elementor-element-105dfb9 e-con-full e-flex elementor-invisible e-con e-child\" data-id=\"105dfb9\" data-element_type=\"container\" data-settings=\"{&quot;animation&quot;:&quot;fadeInUp&quot;,&quot;animation_delay&quot;:300}\">\n\t\t\t\t<div class=\"elementor-element elementor-element-1d806d3 elementor-widget elementor-widget-text-editor\" data-id=\"1d806d3\" data-element_type=\"widget\" data-widget_type=\"text-editor.default\">\n\t\t\t\t<div class=\"elementor-widget-container\">\n\t\t\t\t\t\t\t\t\t<p>Notre entreprise<\/p>\n\t\t\t\t\t\t\t\t<\/div>\n\t\t\t\t<\/div>\n\t\t\t\t<div class=\"elementor-element elementor-element-37158a7 elementor-widget elementor-widget-heading\" data-id=\"37158a7\" data-element_type=\"widget\" data-widget_type=\"heading.default\">\n\t\t\t\t<div class=\"elementor-widget-container\">\n\t\t\t\t\t<h2 class=\"elementor-heading-title elementor-size-default\"> La qualit\u00e9 par principe.<\/h2>\t\t\t\t<\/div>\n\t\t\t\t<\/div>\n\t\t<div class=\"elementor-element elementor-element-f13441b e-con-full e-flex e-con e-child\" data-id=\"f13441b\" data-element_type=\"container\">\n\t\t\t\t<div class=\"elementor-element elementor-element-a6ea32c elementor-widget elementor-widget-text-editor\" data-id=\"a6ea32c\" data-element_type=\"widget\" data-widget_type=\"text-editor.default\">\n\t\t\t\t<div class=\"elementor-widget-container\">\n\t\t\t\t\t\t\t\t\t<p>Chez <strong>Plastec<\/strong>, l&rsquo;ensemble des processus commerciaux est soumis \u00e0 un <strong>processus d&rsquo;am\u00e9lioration continue<\/strong> constamment mis \u00e0 jour dans notre syst\u00e8me de gestion de la qualit\u00e9 certifi\u00e9 selon la norme DIN EN ISO 9001:2015.<\/p>\n<p>La <strong>s\u00e9curit\u00e9<\/strong> de vos donn\u00e9es, de votre d\u00e9veloppement et de vos projets est garantie par notre m\u00e9thode de travail adoss\u00e9e \u00e0 la norme DIN EN ISO 27001. Notre certification (<strong>conforme OS<\/strong>) vous garantit un summum de <strong>confidentialit\u00e9<\/strong>.<\/p>\n\t\t\t\t\t\t\t\t<\/div>\n\t\t\t\t<\/div>\n\t\t\t\t<\/div>\n\t\t\t\t<\/div>\n\t\t<div class=\"elementor-element elementor-element-e7115b6 e-con-full e-flex elementor-invisible e-con e-child\" data-id=\"e7115b6\" data-element_type=\"container\" data-settings=\"{&quot;animation&quot;:&quot;fadeInUp&quot;,&quot;animation_delay&quot;:300}\">\n\t\t\t\t<div class=\"elementor-element elementor-element-37ec62e elementor-widget elementor-widget-image\" data-id=\"37ec62e\" data-element_type=\"widget\" data-widget_type=\"image.default\">\n\t\t\t\t<div class=\"elementor-widget-container\">\n\t\t\t\t\t\t\t\t\t\t\t\t\t\t\t<img decoding=\"async\" width=\"723\" height=\"1024\" src=\"https:\/\/www.kunststofftechnikum.de\/wp-content\/uploads\/2024\/04\/Zertifikat-ISO-9001_2015-deutsch-723x1024.webp\" class=\"attachment-large size-large wp-image-1504\" alt=\"\" srcset=\"https:\/\/www.kunststofftechnikum.de\/wp-content\/uploads\/2024\/04\/Zertifikat-ISO-9001_2015-deutsch-723x1024.webp 723w, https:\/\/www.kunststofftechnikum.de\/wp-content\/uploads\/2024\/04\/Zertifikat-ISO-9001_2015-deutsch-212x300.webp 212w, https:\/\/www.kunststofftechnikum.de\/wp-content\/uploads\/2024\/04\/Zertifikat-ISO-9001_2015-deutsch-768x1087.webp 768w, https:\/\/www.kunststofftechnikum.de\/wp-content\/uploads\/2024\/04\/Zertifikat-ISO-9001_2015-deutsch-1085x1536.webp 1085w, https:\/\/www.kunststofftechnikum.de\/wp-content\/uploads\/2024\/04\/Zertifikat-ISO-9001_2015-deutsch.webp 1206w\" sizes=\"(max-width: 723px) 100vw, 723px\" \/>\t\t\t\t\t\t\t\t\t\t\t\t\t\t\t<\/div>\n\t\t\t\t<\/div>\n\t\t\t\t<div class=\"elementor-element elementor-element-f1f50a4 elementor-widget elementor-widget-image\" data-id=\"f1f50a4\" data-element_type=\"widget\" data-widget_type=\"image.default\">\n\t\t\t\t<div class=\"elementor-widget-container\">\n\t\t\t\t\t\t\t\t\t\t\t\t\t\t\t<img decoding=\"async\" width=\"723\" height=\"1024\" src=\"https:\/\/www.kunststofftechnikum.de\/wp-content\/uploads\/2024\/04\/Zertifikat-ISO-9001_2015-deutsch-723x1024.webp\" class=\"attachment-large size-large wp-image-1504\" alt=\"\" srcset=\"https:\/\/www.kunststofftechnikum.de\/wp-content\/uploads\/2024\/04\/Zertifikat-ISO-9001_2015-deutsch-723x1024.webp 723w, https:\/\/www.kunststofftechnikum.de\/wp-content\/uploads\/2024\/04\/Zertifikat-ISO-9001_2015-deutsch-212x300.webp 212w, https:\/\/www.kunststofftechnikum.de\/wp-content\/uploads\/2024\/04\/Zertifikat-ISO-9001_2015-deutsch-768x1087.webp 768w, https:\/\/www.kunststofftechnikum.de\/wp-content\/uploads\/2024\/04\/Zertifikat-ISO-9001_2015-deutsch-1085x1536.webp 1085w, https:\/\/www.kunststofftechnikum.de\/wp-content\/uploads\/2024\/04\/Zertifikat-ISO-9001_2015-deutsch.webp 1206w\" sizes=\"(max-width: 723px) 100vw, 723px\" \/>\t\t\t\t\t\t\t\t\t\t\t\t\t\t\t<\/div>\n\t\t\t\t<\/div>\n\t\t\t\t<\/div>\n\t\t\t\t\t<\/div>\n\t\t\t\t<\/div>\n\t\t\t\t<\/div>\n\t\t","protected":false},"excerpt":{"rendered":"<p>\u00c0 propos de nous L&rsquo;extension de votre atelier \u2013 depuis 25&nbsp;ans d\u00e9j\u00e0. Notre entreprise R\u00e9ussir ensemble Cela fait d\u00e9j\u00e0 25&nbsp;ans que nous sommes une extension de votre atelier pour tout ce qui concerne la construction et la fabrication de moules. Tout a commenc\u00e9 en&nbsp;1998 avec notre activit\u00e9 d&rsquo;\u00e9chantillonnage des moules. Petit \u00e0 petit est venu [&hellip;]<\/p>\n","protected":false},"author":1,"featured_media":0,"parent":0,"menu_order":0,"comment_status":"closed","ping_status":"closed","template":"","meta":{"footnotes":""},"class_list":["post-1497","page","type-page","status-publish","hentry"],"_links":{"self":[{"href":"https:\/\/www.kunststofftechnikum.de\/fr\/wp-json\/wp\/v2\/pages\/1497","targetHints":{"allow":["GET"]}}],"collection":[{"href":"https:\/\/www.kunststofftechnikum.de\/fr\/wp-json\/wp\/v2\/pages"}],"about":[{"href":"https:\/\/www.kunststofftechnikum.de\/fr\/wp-json\/wp\/v2\/types\/page"}],"author":[{"embeddable":true,"href":"https:\/\/www.kunststofftechnikum.de\/fr\/wp-json\/wp\/v2\/users\/1"}],"replies":[{"embeddable":true,"href":"https:\/\/www.kunststofftechnikum.de\/fr\/wp-json\/wp\/v2\/comments?post=1497"}],"version-history":[{"count":1,"href":"https:\/\/www.kunststofftechnikum.de\/fr\/wp-json\/wp\/v2\/pages\/1497\/revisions"}],"predecessor-version":[{"id":1507,"href":"https:\/\/www.kunststofftechnikum.de\/fr\/wp-json\/wp\/v2\/pages\/1497\/revisions\/1507"}],"wp:attachment":[{"href":"https:\/\/www.kunststofftechnikum.de\/fr\/wp-json\/wp\/v2\/media?parent=1497"}],"curies":[{"name":"wp","href":"https:\/\/api.w.org\/{rel}","templated":true}]}}