{"id":1543,"date":"2024-02-19T21:16:17","date_gmt":"2024-02-19T20:16:17","guid":{"rendered":"https:\/\/www.kunststofftechnikum.de\/services\/"},"modified":"2025-02-11T13:30:15","modified_gmt":"2025-02-11T12:30:15","slug":"services","status":"publish","type":"page","link":"https:\/\/www.kunststofftechnikum.de\/fr\/services\/","title":{"rendered":"Services"},"content":{"rendered":"\t\t<div data-elementor-type=\"wp-page\" data-elementor-id=\"1543\" class=\"elementor elementor-1543 elementor-423\" data-elementor-post-type=\"page\">\n\t\t\t\t<div class=\"elementor-element elementor-element-9ff3e44 e-flex e-con-boxed e-con e-parent\" data-id=\"9ff3e44\" data-element_type=\"container\" data-settings=\"{&quot;background_background&quot;:&quot;classic&quot;}\">\n\t\t\t\t\t<div class=\"e-con-inner\">\n\t\t<div class=\"elementor-element elementor-element-8cc1c6b e-flex e-con-boxed elementor-invisible e-con e-child\" data-id=\"8cc1c6b\" data-element_type=\"container\" data-settings=\"{&quot;animation&quot;:&quot;fadeInUp&quot;}\">\n\t\t\t\t\t<div class=\"e-con-inner\">\n\t\t\t\t<div class=\"elementor-element elementor-element-74c594c elementor-widget elementor-widget-heading\" data-id=\"74c594c\" data-element_type=\"widget\" data-widget_type=\"heading.default\">\n\t\t\t\t<div class=\"elementor-widget-container\">\n\t\t\t\t\t<h1 class=\"elementor-heading-title elementor-size-default\">Nos services<\/h1>\t\t\t\t<\/div>\n\t\t\t\t<\/div>\n\t\t\t\t<div class=\"elementor-element elementor-element-6593ed3 elementor-widget elementor-widget-text-editor\" data-id=\"6593ed3\" data-element_type=\"widget\" data-widget_type=\"text-editor.default\">\n\t\t\t\t<div class=\"elementor-widget-container\">\n\t\t\t\t\t\t\t\t\t<p>Plus que la simple construction et fabrication de moules&nbsp;: avec nous \u00e0 vos c\u00f4t\u00e9s, vous b\u00e9n\u00e9ficiez d&rsquo;une longue exp\u00e9rience, d&rsquo;un savoir-faire pointu et de solutions innovantes, et ce tout au long de la cha\u00eene de processus.<\/p>\n\t\t\t\t\t\t\t\t<\/div>\n\t\t\t\t<\/div>\n\t\t\t\t\t<\/div>\n\t\t\t\t<\/div>\n\t\t\t\t\t<\/div>\n\t\t\t\t<\/div>\n\t\t<div class=\"elementor-element elementor-element-f2a9a49 e-flex e-con-boxed e-con e-parent\" data-id=\"f2a9a49\" data-element_type=\"container\" data-settings=\"{&quot;background_background&quot;:&quot;classic&quot;}\">\n\t\t\t\t\t<div class=\"e-con-inner\">\n\t\t<div class=\"elementor-element elementor-element-9c61c76 e-con-full e-flex elementor-invisible e-con e-child\" data-id=\"9c61c76\" data-element_type=\"container\" data-settings=\"{&quot;animation&quot;:&quot;fadeInUp&quot;,&quot;animation_delay&quot;:300}\">\n\t\t\t\t<div class=\"elementor-element elementor-element-bec821a elementor-widget elementor-widget-text-editor\" data-id=\"bec821a\" data-element_type=\"widget\" data-widget_type=\"text-editor.default\">\n\t\t\t\t<div class=\"elementor-widget-container\">\n\t\t\t\t\t\t\t\t\t<p>Services<\/p>\n\t\t\t\t\t\t\t\t<\/div>\n\t\t\t\t<\/div>\n\t\t\t\t<div class=\"elementor-element elementor-element-34097c2 elementor-widget elementor-widget-heading\" data-id=\"34097c2\" data-element_type=\"widget\" data-widget_type=\"heading.default\">\n\t\t\t\t<div class=\"elementor-widget-container\">\n\t\t\t\t\t<h2 class=\"elementor-heading-title elementor-size-default\">Conception et design<\/h2>\t\t\t\t<\/div>\n\t\t\t\t<\/div>\n\t\t<div class=\"elementor-element elementor-element-60cab1d e-con-full e-flex e-con e-child\" data-id=\"60cab1d\" data-element_type=\"container\">\n\t\t\t\t<div class=\"elementor-element elementor-element-c869733 elementor-widget elementor-widget-text-editor\" data-id=\"c869733\" data-element_type=\"widget\" data-widget_type=\"text-editor.default\">\n\t\t\t\t<div class=\"elementor-widget-container\">\n\t\t\t\t\t\t\t\t\t<p>Pour nous, la conception consiste \u00e0 unifier la cha\u00eene de processus num\u00e9rique dans un syst\u00e8me sans discontinuit\u00e9. C&rsquo;est pourquoi chez nous, tous les processus, de la conception \u00e0 la fabrication en passant par la simulation, sont con\u00e7us sans papier.<\/p>\n<p><strong>Logiciels&nbsp;:<\/strong><br \/>&#8211; 3D Systems Cimatron 2024<br \/>&#8211; DCAM<br \/>&#8211; GOM<br \/>&#8211; Interfaces standard&nbsp;: IGES, DXF, DWG, STEP, STL, Catia, Parasolid, etc.<\/p>\n<p><strong>Design&nbsp;:<\/strong><br \/>Profitez de nos partenariats. Notre \u00e9quipe a les choses en main pour un r\u00e9sultat esth\u00e9tique, fonctionnel et pratique.<\/p>\n\t\t\t\t\t\t\t\t<\/div>\n\t\t\t\t<\/div>\n\t\t\t\t<\/div>\n\t\t\t\t<\/div>\n\t\t<div class=\"elementor-element elementor-element-c89e26c e-con-full e-flex elementor-invisible e-con e-child\" data-id=\"c89e26c\" data-element_type=\"container\" data-settings=\"{&quot;animation&quot;:&quot;fadeInUp&quot;}\">\n\t\t\t\t<div class=\"elementor-element elementor-element-427805a elementor-widget__width-initial elementor-widget elementor-widget-image-carousel\" data-id=\"427805a\" data-element_type=\"widget\" data-settings=\"{&quot;slides_to_show&quot;:&quot;1&quot;,&quot;navigation&quot;:&quot;none&quot;,&quot;autoplay_speed&quot;:3000,&quot;effect&quot;:&quot;fade&quot;,&quot;autoplay&quot;:&quot;yes&quot;,&quot;pause_on_hover&quot;:&quot;yes&quot;,&quot;infinite&quot;:&quot;yes&quot;,&quot;speed&quot;:500}\" data-widget_type=\"image-carousel.default\">\n\t\t\t\t<div class=\"elementor-widget-container\">\n\t\t\t\t\t\t\t<div class=\"elementor-image-carousel-wrapper swiper\" role=\"region\" aria-roledescription=\"carousel\" aria-label=\"Carrousel d\u2019images\" dir=\"ltr\">\n\t\t\t<div class=\"elementor-image-carousel swiper-wrapper\" aria-live=\"off\">\n\t\t\t\t\t\t\t\t<div class=\"swiper-slide\" role=\"group\" aria-roledescription=\"slide\" aria-label=\"1 sur 2\"><figure class=\"swiper-slide-inner\"><img decoding=\"async\" class=\"swiper-slide-image\" src=\"https:\/\/www.kunststofftechnikum.de\/wp-content\/uploads\/2024\/08\/D2.webp\" alt=\"D2\" \/><\/figure><\/div><div class=\"swiper-slide\" role=\"group\" aria-roledescription=\"slide\" aria-label=\"2 sur 2\"><figure class=\"swiper-slide-inner\"><img decoding=\"async\" class=\"swiper-slide-image\" src=\"https:\/\/www.kunststofftechnikum.de\/wp-content\/uploads\/2024\/08\/D1.webp\" alt=\"D1\" \/><\/figure><\/div>\t\t\t<\/div>\n\t\t\t\t\t\t\t\n\t\t\t\t\t\t\t\t\t<\/div>\n\t\t\t\t\t\t<\/div>\n\t\t\t\t<\/div>\n\t\t\t\t<\/div>\n\t\t\t\t\t<\/div>\n\t\t\t\t<\/div>\n\t\t<div class=\"elementor-element elementor-element-60aefbe e-flex e-con-boxed e-con e-parent\" data-id=\"60aefbe\" data-element_type=\"container\" data-settings=\"{&quot;background_background&quot;:&quot;classic&quot;}\">\n\t\t\t\t\t<div class=\"e-con-inner\">\n\t\t<div class=\"elementor-element elementor-element-79e7e57 e-con-full e-flex elementor-invisible e-con e-child\" data-id=\"79e7e57\" data-element_type=\"container\" data-settings=\"{&quot;animation&quot;:&quot;fadeInUp&quot;}\">\n\t\t\t\t<div class=\"elementor-element elementor-element-66ddb0f elementor-widget elementor-widget-text-editor\" data-id=\"66ddb0f\" data-element_type=\"widget\" data-widget_type=\"text-editor.default\">\n\t\t\t\t<div class=\"elementor-widget-container\">\n\t\t\t\t\t\t\t\t\t<p>Services<\/p>\n\t\t\t\t\t\t\t\t<\/div>\n\t\t\t\t<\/div>\n\t\t\t\t<div class=\"elementor-element elementor-element-7e2652c elementor-widget elementor-widget-heading\" data-id=\"7e2652c\" data-element_type=\"widget\" data-widget_type=\"heading.default\">\n\t\t\t\t<div class=\"elementor-widget-container\">\n\t\t\t\t\t<h2 class=\"elementor-heading-title elementor-size-default\">Conseils et \u00e9valuation des composants<\/h2>\t\t\t\t<\/div>\n\t\t\t\t<\/div>\n\t\t<div class=\"elementor-element elementor-element-f8d559c e-con-full e-flex e-con e-child\" data-id=\"f8d559c\" data-element_type=\"container\">\n\t\t\t\t<div class=\"elementor-element elementor-element-2895cd5 elementor-widget elementor-widget-text-editor\" data-id=\"2895cd5\" data-element_type=\"widget\" data-widget_type=\"text-editor.default\">\n\t\t\t\t<div class=\"elementor-widget-container\">\n\t\t\t\t\t\t\t\t\t<p>Nous fournissons non seulement des r\u00e9sultats mais aussi des r\u00e9ponses. Contactez-nous et profitez de notre exp\u00e9rience dans les domaines suivants&nbsp;:<\/p>\n<p>&#8211; Optimisation de la plasturgie des composants <br \/>&#8211; Optimisation de l&rsquo;outillage des composants <br \/>&#8211; Analyses de flux de moule <br \/>&#8211; S\u00e9lection de divers proc\u00e9d\u00e9s et mat\u00e9riaux sp\u00e9ciaux pour votre projet <br \/>&#8211; Mesure et \u00e9valuation en 3D des composants<br \/>&#8211; IML (in Mould Labeling)<br \/>&#8211; 2K (moulage par injection \u00e0 2&nbsp;composants)<br \/>&#8211; Technique d&rsquo;insertion<\/p>\n\t\t\t\t\t\t\t\t<\/div>\n\t\t\t\t<\/div>\n\t\t\t\t<\/div>\n\t\t\t\t<\/div>\n\t\t<div class=\"elementor-element elementor-element-c485da2 e-con-full e-flex elementor-invisible e-con e-child\" data-id=\"c485da2\" data-element_type=\"container\" data-settings=\"{&quot;animation&quot;:&quot;fadeInUp&quot;,&quot;animation_delay&quot;:300}\">\n\t\t\t\t<div class=\"elementor-element elementor-element-81d4636 elementor-widget__width-initial elementor-widget elementor-widget-image-carousel\" data-id=\"81d4636\" data-element_type=\"widget\" data-settings=\"{&quot;slides_to_show&quot;:&quot;1&quot;,&quot;navigation&quot;:&quot;none&quot;,&quot;autoplay_speed&quot;:3000,&quot;effect&quot;:&quot;fade&quot;,&quot;autoplay&quot;:&quot;yes&quot;,&quot;pause_on_hover&quot;:&quot;yes&quot;,&quot;infinite&quot;:&quot;yes&quot;,&quot;speed&quot;:500}\" data-widget_type=\"image-carousel.default\">\n\t\t\t\t<div class=\"elementor-widget-container\">\n\t\t\t\t\t\t\t<div class=\"elementor-image-carousel-wrapper swiper\" role=\"region\" aria-roledescription=\"carousel\" aria-label=\"Carrousel d\u2019images\" dir=\"ltr\">\n\t\t\t<div class=\"elementor-image-carousel swiper-wrapper\" aria-live=\"off\">\n\t\t\t\t\t\t\t\t<div class=\"swiper-slide\" role=\"group\" aria-roledescription=\"slide\" aria-label=\"1 sur 7\"><figure class=\"swiper-slide-inner\"><img decoding=\"async\" class=\"swiper-slide-image\" src=\"https:\/\/www.kunststofftechnikum.de\/wp-content\/uploads\/2024\/08\/7-3.webp\" alt=\"7\" \/><\/figure><\/div><div class=\"swiper-slide\" role=\"group\" aria-roledescription=\"slide\" aria-label=\"2 sur 7\"><figure class=\"swiper-slide-inner\"><img decoding=\"async\" class=\"swiper-slide-image\" src=\"https:\/\/www.kunststofftechnikum.de\/wp-content\/uploads\/2024\/08\/6-3.webp\" alt=\"6\" \/><\/figure><\/div><div class=\"swiper-slide\" role=\"group\" aria-roledescription=\"slide\" aria-label=\"3 sur 7\"><figure class=\"swiper-slide-inner\"><img decoding=\"async\" class=\"swiper-slide-image\" src=\"https:\/\/www.kunststofftechnikum.de\/wp-content\/uploads\/2024\/08\/5-3.webp\" alt=\"5\" \/><\/figure><\/div><div class=\"swiper-slide\" role=\"group\" aria-roledescription=\"slide\" aria-label=\"4 sur 7\"><figure class=\"swiper-slide-inner\"><img decoding=\"async\" class=\"swiper-slide-image\" src=\"https:\/\/www.kunststofftechnikum.de\/wp-content\/uploads\/2024\/08\/4-3.webp\" alt=\"4\" \/><\/figure><\/div><div class=\"swiper-slide\" role=\"group\" aria-roledescription=\"slide\" aria-label=\"5 sur 7\"><figure class=\"swiper-slide-inner\"><img decoding=\"async\" class=\"swiper-slide-image\" src=\"https:\/\/www.kunststofftechnikum.de\/wp-content\/uploads\/2024\/08\/3-3.webp\" alt=\"3\" \/><\/figure><\/div><div class=\"swiper-slide\" role=\"group\" aria-roledescription=\"slide\" aria-label=\"6 sur 7\"><figure class=\"swiper-slide-inner\"><img decoding=\"async\" class=\"swiper-slide-image\" src=\"https:\/\/www.kunststofftechnikum.de\/wp-content\/uploads\/2024\/08\/2-3.webp\" alt=\"2\" \/><\/figure><\/div><div class=\"swiper-slide\" role=\"group\" aria-roledescription=\"slide\" aria-label=\"7 sur 7\"><figure class=\"swiper-slide-inner\"><img decoding=\"async\" class=\"swiper-slide-image\" src=\"https:\/\/www.kunststofftechnikum.de\/wp-content\/uploads\/2024\/08\/1-3.webp\" alt=\"1\" \/><\/figure><\/div>\t\t\t<\/div>\n\t\t\t\t\t\t\t\n\t\t\t\t\t\t\t\t\t<\/div>\n\t\t\t\t\t\t<\/div>\n\t\t\t\t<\/div>\n\t\t\t\t<\/div>\n\t\t\t\t\t<\/div>\n\t\t\t\t<\/div>\n\t\t\t\t<\/div>\n\t\t","protected":false},"excerpt":{"rendered":"<p>Nos services Plus que la simple construction et fabrication de moules&nbsp;: avec nous \u00e0 vos c\u00f4t\u00e9s, vous b\u00e9n\u00e9ficiez d&rsquo;une longue exp\u00e9rience, d&rsquo;un savoir-faire pointu et de solutions innovantes, et ce tout au long de la cha\u00eene de processus. Services Conception et design Pour nous, la conception consiste \u00e0 unifier la cha\u00eene de processus num\u00e9rique dans [&hellip;]<\/p>\n","protected":false},"author":1,"featured_media":0,"parent":0,"menu_order":0,"comment_status":"closed","ping_status":"closed","template":"","meta":{"footnotes":""},"class_list":["post-1543","page","type-page","status-publish","hentry"],"_links":{"self":[{"href":"https:\/\/www.kunststofftechnikum.de\/fr\/wp-json\/wp\/v2\/pages\/1543","targetHints":{"allow":["GET"]}}],"collection":[{"href":"https:\/\/www.kunststofftechnikum.de\/fr\/wp-json\/wp\/v2\/pages"}],"about":[{"href":"https:\/\/www.kunststofftechnikum.de\/fr\/wp-json\/wp\/v2\/types\/page"}],"author":[{"embeddable":true,"href":"https:\/\/www.kunststofftechnikum.de\/fr\/wp-json\/wp\/v2\/users\/1"}],"replies":[{"embeddable":true,"href":"https:\/\/www.kunststofftechnikum.de\/fr\/wp-json\/wp\/v2\/comments?post=1543"}],"version-history":[{"count":1,"href":"https:\/\/www.kunststofftechnikum.de\/fr\/wp-json\/wp\/v2\/pages\/1543\/revisions"}],"predecessor-version":[{"id":1547,"href":"https:\/\/www.kunststofftechnikum.de\/fr\/wp-json\/wp\/v2\/pages\/1543\/revisions\/1547"}],"wp:attachment":[{"href":"https:\/\/www.kunststofftechnikum.de\/fr\/wp-json\/wp\/v2\/media?parent=1543"}],"curies":[{"name":"wp","href":"https:\/\/api.w.org\/{rel}","templated":true}]}}